{"id":2,"date":"2025-10-30T15:54:56","date_gmt":"2025-10-30T15:54:56","guid":{"rendered":"https:\/\/fontanerialafuente.rkinformatika.online\/?page_id=2"},"modified":"2025-11-04T10:19:05","modified_gmt":"2025-11-04T10:19:05","slug":"inicio","status":"publish","type":"page","link":"https:\/\/fontanerialafuente.com\/eu\/","title":{"rendered":"Hasiera"},"content":{"rendered":"<div data-elementor-type=\"wp-page\" data-elementor-id=\"2\" class=\"elementor elementor-2\" data-elementor-post-type=\"page\">\n\t\t\t\t\t\t<section class=\"elementor-section elementor-top-section elementor-element elementor-element-c180e0c elementor-section-height-min-height elementor-section-boxed elementor-section-height-default elementor-section-items-middle\" data-id=\"c180e0c\" data-element_type=\"section\" data-e-type=\"section\" data-settings=\"{&quot;background_background&quot;:&quot;classic&quot;}\">\n\t\t\t\t\t\t\t<div class=\"elementor-background-overlay\"><\/div>\n\t\t\t\t\t\t\t<div class=\"elementor-container elementor-column-gap-no\">\n\t\t\t\t\t<div class=\"elementor-column elementor-col-100 elementor-top-column elementor-element elementor-element-6a18f56\" data-id=\"6a18f56\" data-element_type=\"column\" data-e-type=\"column\">\n\t\t\t<div class=\"elementor-widget-wrap elementor-element-populated\">\n\t\t\t\t\t\t<div class=\"elementor-element elementor-element-a2c203f elementor-widget-tablet__width-initial elementor-invisible elementor-widget elementor-widget-heading\" data-id=\"a2c203f\" data-element_type=\"widget\" data-e-type=\"widget\" data-settings=\"{&quot;_animation&quot;:&quot;zoomIn&quot;}\" data-widget_type=\"heading.default\">\n\t\t\t\t\t<h2 class=\"elementor-heading-title elementor-size-default\">La Fuente iturgintza <br>\nIturgintzako materialaren salmenta eta instalazioak<\/h2>\t\t\t\t<\/div>\n\t\t\t\t\t<\/div>\n\t\t<\/div>\n\t\t\t\t\t<\/div>\n\t\t<\/section>\n\t\t\t\t<section class=\"elementor-section elementor-top-section elementor-element elementor-element-835b44f elementor-section-content-top elementor-section-boxed elementor-section-height-default elementor-section-height-default\" data-id=\"835b44f\" data-element_type=\"section\" data-e-type=\"section\" data-settings=\"{&quot;background_background&quot;:&quot;classic&quot;}\">\n\t\t\t\t\t\t<div class=\"elementor-container elementor-column-gap-no\">\n\t\t\t\t\t<div class=\"elementor-column elementor-col-50 elementor-top-column elementor-element elementor-element-cc11fdd\" data-id=\"cc11fdd\" data-element_type=\"column\" data-e-type=\"column\">\n\t\t\t<div class=\"elementor-widget-wrap elementor-element-populated\">\n\t\t\t\t\t\t<section class=\"elementor-section elementor-inner-section elementor-element elementor-element-177eb2a elementor-section-boxed elementor-section-height-default elementor-section-height-default\" data-id=\"177eb2a\" data-element_type=\"section\" data-e-type=\"section\" data-settings=\"{&quot;background_background&quot;:&quot;classic&quot;}\">\n\t\t\t\t\t\t\t<div class=\"elementor-background-overlay\"><\/div>\n\t\t\t\t\t\t\t<div class=\"elementor-container elementor-column-gap-no\">\n\t\t\t\t\t<div class=\"elementor-column elementor-col-100 elementor-inner-column elementor-element elementor-element-a4bc86f elementor-invisible\" data-id=\"a4bc86f\" data-element_type=\"column\" data-e-type=\"column\" data-settings=\"{&quot;background_background&quot;:&quot;classic&quot;,&quot;animation&quot;:&quot;fadeInRight&quot;}\">\n\t\t\t<div class=\"elementor-widget-wrap elementor-element-populated\">\n\t\t\t\t\t\t<div class=\"elementor-element elementor-element-20cfeb2 elementor-widget elementor-widget-heading\" data-id=\"20cfeb2\" data-element_type=\"widget\" data-e-type=\"widget\" data-widget_type=\"heading.default\">\n\t\t\t\t\t<h2 class=\"elementor-heading-title elementor-size-default\">Guri buruz<\/h2>\t\t\t\t<\/div>\n\t\t\t\t<div class=\"elementor-element elementor-element-80d18a0 elementor-widget elementor-widget-text-editor\" data-id=\"80d18a0\" data-element_type=\"widget\" data-e-type=\"widget\" data-widget_type=\"text-editor.default\">\n\t\t\t\t\t\t\t\t\t<p>Iturgintzako materiala saltzen eta instalatzen duen enpresa familiarra gara, eta aholkularitza pertsonalizatua eta kalitate handiko produktuak eskaintzen ditugu.<br data-start=\"250\" data-end=\"253\" \/>Material sorta zabal batekin lan egiten dugu \u2013 kobrea, geruza anitzekoa, PVCa, sanitarioak, txorrotak, polietilenoa, berokuntza, eguzki energia, aire girotua eta gehiago \u2013, bezero bakoitzari soluzio osoak eta fidagarriak emateko.<\/p>\t\t\t\t\t\t\t\t<\/div>\n\t\t\t\t<div class=\"elementor-element elementor-element-2617a30 elementor-align-center elementor-widget elementor-widget-button\" data-id=\"2617a30\" data-element_type=\"widget\" data-e-type=\"widget\" data-widget_type=\"button.default\">\n\t\t\t\t\t\t\t\t\t\t<a class=\"elementor-button elementor-button-link elementor-size-sm elementor-animation-float\" href=\"https:\/\/fontanerialafuente.com\/eu\/servicios\/\">\n\t\t\t\t\t\t<span class=\"elementor-button-content-wrapper\">\n\t\t\t\t\t\t\t\t\t<span class=\"elementor-button-text\">Zerbitzuak<\/span>\n\t\t\t\t\t<\/span>\n\t\t\t\t\t<\/a>\n\t\t\t\t\t\t\t\t<\/div>\n\t\t\t\t\t<\/div>\n\t\t<\/div>\n\t\t\t\t\t<\/div>\n\t\t<\/section>\n\t\t\t\t\t<\/div>\n\t\t<\/div>\n\t\t\t\t<div class=\"elementor-column elementor-col-50 elementor-top-column elementor-element elementor-element-a81281f elementor-invisible\" data-id=\"a81281f\" data-element_type=\"column\" data-e-type=\"column\" data-settings=\"{&quot;animation&quot;:&quot;fadeInLeft&quot;,&quot;animation_delay&quot;:300}\">\n\t\t\t<div class=\"elementor-widget-wrap elementor-element-populated\">\n\t\t\t\t\t\t<div class=\"elementor-element elementor-element-8be33b4 elementor-widget elementor-widget-image\" data-id=\"8be33b4\" data-element_type=\"widget\" data-e-type=\"widget\" data-widget_type=\"image.default\">\n\t\t\t\t\t\t\t\t\t\t\t\t\t\t\t<img fetchpriority=\"high\" decoding=\"async\" width=\"2560\" height=\"1707\" src=\"https:\/\/fontanerialafuente.com\/wp-content\/uploads\/2025\/11\/female-hand-puts-thermostat-electric-water-heater-boiler-economy-mode-household-enegry-saving-equipment-scaled.jpg\" class=\"attachment-full size-full wp-image-184\" alt=\"\" srcset=\"https:\/\/fontanerialafuente.com\/wp-content\/uploads\/2025\/11\/female-hand-puts-thermostat-electric-water-heater-boiler-economy-mode-household-enegry-saving-equipment-scaled.jpg 2560w, https:\/\/fontanerialafuente.com\/wp-content\/uploads\/2025\/11\/female-hand-puts-thermostat-electric-water-heater-boiler-economy-mode-household-enegry-saving-equipment-300x200.jpg 300w, https:\/\/fontanerialafuente.com\/wp-content\/uploads\/2025\/11\/female-hand-puts-thermostat-electric-water-heater-boiler-economy-mode-household-enegry-saving-equipment-1024x683.jpg 1024w, https:\/\/fontanerialafuente.com\/wp-content\/uploads\/2025\/11\/female-hand-puts-thermostat-electric-water-heater-boiler-economy-mode-household-enegry-saving-equipment-768x512.jpg 768w, https:\/\/fontanerialafuente.com\/wp-content\/uploads\/2025\/11\/female-hand-puts-thermostat-electric-water-heater-boiler-economy-mode-household-enegry-saving-equipment-1536x1024.jpg 1536w, https:\/\/fontanerialafuente.com\/wp-content\/uploads\/2025\/11\/female-hand-puts-thermostat-electric-water-heater-boiler-economy-mode-household-enegry-saving-equipment-2048x1365.jpg 2048w, https:\/\/fontanerialafuente.com\/wp-content\/uploads\/2025\/11\/female-hand-puts-thermostat-electric-water-heater-boiler-economy-mode-household-enegry-saving-equipment-18x12.jpg 18w\" sizes=\"(max-width: 2560px) 100vw, 2560px\" \/>\t\t\t\t\t\t\t\t\t\t\t\t\t\t\t<\/div>\n\t\t\t\t\t<\/div>\n\t\t<\/div>\n\t\t\t\t\t<\/div>\n\t\t<\/section>\n\t\t\t\t<section class=\"elementor-section elementor-top-section elementor-element elementor-element-660d6c5 elementor-section-boxed elementor-section-height-default elementor-section-height-default\" data-id=\"660d6c5\" data-element_type=\"section\" data-e-type=\"section\" data-settings=\"{&quot;background_background&quot;:&quot;classic&quot;}\">\n\t\t\t\t\t\t\t<div class=\"elementor-background-overlay\"><\/div>\n\t\t\t\t\t\t\t<div class=\"elementor-container elementor-column-gap-no\">\n\t\t\t\t\t<div class=\"elementor-column elementor-col-100 elementor-top-column elementor-element elementor-element-d1f4116\" data-id=\"d1f4116\" data-element_type=\"column\" data-e-type=\"column\" data-settings=\"{&quot;background_background&quot;:&quot;classic&quot;}\">\n\t\t\t<div class=\"elementor-widget-wrap elementor-element-populated\">\n\t\t\t\t\t\t<div class=\"elementor-element elementor-element-fcf3ce9 elementor-invisible elementor-widget elementor-widget-heading\" data-id=\"fcf3ce9\" data-element_type=\"widget\" data-e-type=\"widget\" data-settings=\"{&quot;_animation&quot;:&quot;zoomIn&quot;}\" data-widget_type=\"heading.default\">\n\t\t\t\t\t<h2 class=\"elementor-heading-title elementor-size-default\">Eskatu zure aurrekontua konpromisorik gabe.<\/h2>\t\t\t\t<\/div>\n\t\t\t\t<div class=\"elementor-element elementor-element-b2e2e53 elementor-align-center elementor-widget elementor-widget-button\" data-id=\"b2e2e53\" data-element_type=\"widget\" data-e-type=\"widget\" data-widget_type=\"button.default\">\n\t\t\t\t\t\t\t\t\t\t<a class=\"elementor-button elementor-button-link elementor-size-sm elementor-animation-float\" href=\"https:\/\/fontanerialafuente.com\/eu\/contacto\/\">\n\t\t\t\t\t\t<span class=\"elementor-button-content-wrapper\">\n\t\t\t\t\t\t\t\t\t<span class=\"elementor-button-text\">Jarri gurekin harremanetan<\/span>\n\t\t\t\t\t<\/span>\n\t\t\t\t\t<\/a>\n\t\t\t\t\t\t\t\t<\/div>\n\t\t\t\t\t<\/div>\n\t\t<\/div>\n\t\t\t\t\t<\/div>\n\t\t<\/section>\n\t\t\t\t<\/div>","protected":false},"excerpt":{"rendered":"<p>Fontaner\u00eda La Fuente Venta e instalaciones de material de fontaner\u00eda Sobre Nosotros Somos una empresa familiar dedicada a la venta e instalaci\u00f3n de material de fontaner\u00eda, ofreciendo asesoramiento personalizado y productos de alta calidad.Trabajamos con una amplia gama de materiales \u2014cobre, multicapa, PVC, sanitarios, grifer\u00edas, polietileno, calefacci\u00f3n, energ\u00eda solar, aire acondicionado y m\u00e1s\u2014 para dar [&hellip;]<\/p>\n","protected":false},"author":1,"featured_media":0,"parent":0,"menu_order":0,"comment_status":"closed","ping_status":"closed","template":"elementor_canvas","meta":{"footnotes":""},"class_list":["post-2","page","type-page","status-publish","hentry"],"yoast_head":"<!-- This site is optimized with the Yoast SEO plugin v27.3 - https:\/\/yoast.com\/product\/yoast-seo-wordpress\/ -->\n<title>Inicio - Fontaner\u00eda La Fuente<\/title>\n<meta name=\"robots\" content=\"index, follow, max-snippet:-1, max-image-preview:large, max-video-preview:-1\" \/>\n<link rel=\"canonical\" href=\"https:\/\/fontanerialafuente.com\/eu\/\" \/>\n<meta property=\"og:locale\" content=\"en_US\" \/>\n<meta property=\"og:type\" content=\"article\" \/>\n<meta property=\"og:title\" content=\"Inicio - Fontaner\u00eda La Fuente\" \/>\n<meta property=\"og:description\" content=\"Fontaner\u00eda La Fuente Venta e instalaciones de material de fontaner\u00eda Sobre Nosotros Somos una empresa familiar dedicada a la venta e instalaci\u00f3n de material de fontaner\u00eda, ofreciendo asesoramiento personalizado y productos de alta calidad.Trabajamos con una amplia gama de materiales \u2014cobre, multicapa, PVC, sanitarios, grifer\u00edas, polietileno, calefacci\u00f3n, energ\u00eda solar, aire acondicionado y m\u00e1s\u2014 para dar [&hellip;]\" \/>\n<meta property=\"og:url\" content=\"https:\/\/fontanerialafuente.com\/eu\/\" \/>\n<meta property=\"og:site_name\" content=\"Fontaner\u00eda La Fuente\" \/>\n<meta property=\"article:modified_time\" content=\"2025-11-04T10:19:05+00:00\" \/>\n<meta property=\"og:image\" content=\"https:\/\/fontanerialafuente.com\/wp-content\/uploads\/2025\/11\/female-hand-puts-thermostat-electric-water-heater-boiler-economy-mode-household-enegry-saving-equipment-scaled.jpg\" \/>\n<meta name=\"twitter:card\" content=\"summary_large_image\" \/>\n<meta name=\"twitter:label1\" content=\"Est. reading time\" \/>\n\t<meta name=\"twitter:data1\" content=\"1 minutua\" \/>\n<script type=\"application\/ld+json\" class=\"yoast-schema-graph\">{\"@context\":\"https:\\\/\\\/schema.org\",\"@graph\":[{\"@type\":\"WebPage\",\"@id\":\"https:\\\/\\\/fontanerialafuente.com\\\/\",\"url\":\"https:\\\/\\\/fontanerialafuente.com\\\/\",\"name\":\"Inicio - Fontaner\u00eda La Fuente\",\"isPartOf\":{\"@id\":\"https:\\\/\\\/fontanerialafuente.com\\\/#website\"},\"primaryImageOfPage\":{\"@id\":\"https:\\\/\\\/fontanerialafuente.com\\\/#primaryimage\"},\"image\":{\"@id\":\"https:\\\/\\\/fontanerialafuente.com\\\/#primaryimage\"},\"thumbnailUrl\":\"https:\\\/\\\/fontanerialafuente.com\\\/wp-content\\\/uploads\\\/2025\\\/11\\\/female-hand-puts-thermostat-electric-water-heater-boiler-economy-mode-household-enegry-saving-equipment-scaled.jpg\",\"datePublished\":\"2025-10-30T15:54:56+00:00\",\"dateModified\":\"2025-11-04T10:19:05+00:00\",\"breadcrumb\":{\"@id\":\"https:\\\/\\\/fontanerialafuente.com\\\/#breadcrumb\"},\"inLanguage\":\"eu\",\"potentialAction\":[{\"@type\":\"ReadAction\",\"target\":[\"https:\\\/\\\/fontanerialafuente.com\\\/\"]}]},{\"@type\":\"ImageObject\",\"inLanguage\":\"eu\",\"@id\":\"https:\\\/\\\/fontanerialafuente.com\\\/#primaryimage\",\"url\":\"https:\\\/\\\/fontanerialafuente.com\\\/wp-content\\\/uploads\\\/2025\\\/11\\\/female-hand-puts-thermostat-electric-water-heater-boiler-economy-mode-household-enegry-saving-equipment-scaled.jpg\",\"contentUrl\":\"https:\\\/\\\/fontanerialafuente.com\\\/wp-content\\\/uploads\\\/2025\\\/11\\\/female-hand-puts-thermostat-electric-water-heater-boiler-economy-mode-household-enegry-saving-equipment-scaled.jpg\"},{\"@type\":\"BreadcrumbList\",\"@id\":\"https:\\\/\\\/fontanerialafuente.com\\\/#breadcrumb\",\"itemListElement\":[{\"@type\":\"ListItem\",\"position\":1,\"name\":\"Portada\",\"item\":\"https:\\\/\\\/fontanerialafuente.com\\\/\"},{\"@type\":\"ListItem\",\"position\":2,\"name\":\"Inicio\"}]},{\"@type\":\"WebSite\",\"@id\":\"https:\\\/\\\/fontanerialafuente.com\\\/#website\",\"url\":\"https:\\\/\\\/fontanerialafuente.com\\\/\",\"name\":\"Fontaner\u00eda La Fuente\",\"description\":\"Peque\u00f1a empresa familiar dirigida a ofrecer asesoramiento y producto de calidad en el suministro de material de fontaner\u00eda.\",\"publisher\":{\"@id\":\"https:\\\/\\\/fontanerialafuente.com\\\/#organization\"},\"potentialAction\":[{\"@type\":\"SearchAction\",\"target\":{\"@type\":\"EntryPoint\",\"urlTemplate\":\"https:\\\/\\\/fontanerialafuente.com\\\/?s={search_term_string}\"},\"query-input\":{\"@type\":\"PropertyValueSpecification\",\"valueRequired\":true,\"valueName\":\"search_term_string\"}}],\"inLanguage\":\"eu\"},{\"@type\":\"Organization\",\"@id\":\"https:\\\/\\\/fontanerialafuente.com\\\/#organization\",\"name\":\"Fontaner\u00eda La Fuente\",\"url\":\"https:\\\/\\\/fontanerialafuente.com\\\/\",\"logo\":{\"@type\":\"ImageObject\",\"inLanguage\":\"eu\",\"@id\":\"https:\\\/\\\/fontanerialafuente.com\\\/#\\\/schema\\\/logo\\\/image\\\/\",\"url\":\"https:\\\/\\\/fontanerialafuente.com\\\/wp-content\\\/uploads\\\/2025\\\/11\\\/cropped-Diseno-sin-titulo.png\",\"contentUrl\":\"https:\\\/\\\/fontanerialafuente.com\\\/wp-content\\\/uploads\\\/2025\\\/11\\\/cropped-Diseno-sin-titulo.png\",\"width\":346,\"height\":176,\"caption\":\"Fontaner\u00eda La Fuente\"},\"image\":{\"@id\":\"https:\\\/\\\/fontanerialafuente.com\\\/#\\\/schema\\\/logo\\\/image\\\/\"}}]}<\/script>\n<!-- \/ Yoast SEO plugin. -->","yoast_head_json":{"title":"Inicio - Fontaner\u00eda La Fuente","robots":{"index":"index","follow":"follow","max-snippet":"max-snippet:-1","max-image-preview":"max-image-preview:large","max-video-preview":"max-video-preview:-1"},"canonical":"https:\/\/fontanerialafuente.com\/eu\/","og_locale":"en_US","og_type":"article","og_title":"Inicio - Fontaner\u00eda La Fuente","og_description":"Fontaner\u00eda La Fuente Venta e instalaciones de material de fontaner\u00eda Sobre Nosotros Somos una empresa familiar dedicada a la venta e instalaci\u00f3n de material de fontaner\u00eda, ofreciendo asesoramiento personalizado y productos de alta calidad.Trabajamos con una amplia gama de materiales \u2014cobre, multicapa, PVC, sanitarios, grifer\u00edas, polietileno, calefacci\u00f3n, energ\u00eda solar, aire acondicionado y m\u00e1s\u2014 para dar [&hellip;]","og_url":"https:\/\/fontanerialafuente.com\/eu\/","og_site_name":"Fontaner\u00eda La Fuente","article_modified_time":"2025-11-04T10:19:05+00:00","og_image":[{"url":"https:\/\/fontanerialafuente.com\/wp-content\/uploads\/2025\/11\/female-hand-puts-thermostat-electric-water-heater-boiler-economy-mode-household-enegry-saving-equipment-scaled.jpg","type":"","width":"","height":""}],"twitter_card":"summary_large_image","twitter_misc":{"Est. reading time":"1 minutua"},"schema":{"@context":"https:\/\/schema.org","@graph":[{"@type":"WebPage","@id":"https:\/\/fontanerialafuente.com\/","url":"https:\/\/fontanerialafuente.com\/","name":"Inicio - Fontaner\u00eda La Fuente","isPartOf":{"@id":"https:\/\/fontanerialafuente.com\/#website"},"primaryImageOfPage":{"@id":"https:\/\/fontanerialafuente.com\/#primaryimage"},"image":{"@id":"https:\/\/fontanerialafuente.com\/#primaryimage"},"thumbnailUrl":"https:\/\/fontanerialafuente.com\/wp-content\/uploads\/2025\/11\/female-hand-puts-thermostat-electric-water-heater-boiler-economy-mode-household-enegry-saving-equipment-scaled.jpg","datePublished":"2025-10-30T15:54:56+00:00","dateModified":"2025-11-04T10:19:05+00:00","breadcrumb":{"@id":"https:\/\/fontanerialafuente.com\/#breadcrumb"},"inLanguage":"eu","potentialAction":[{"@type":"ReadAction","target":["https:\/\/fontanerialafuente.com\/"]}]},{"@type":"ImageObject","inLanguage":"eu","@id":"https:\/\/fontanerialafuente.com\/#primaryimage","url":"https:\/\/fontanerialafuente.com\/wp-content\/uploads\/2025\/11\/female-hand-puts-thermostat-electric-water-heater-boiler-economy-mode-household-enegry-saving-equipment-scaled.jpg","contentUrl":"https:\/\/fontanerialafuente.com\/wp-content\/uploads\/2025\/11\/female-hand-puts-thermostat-electric-water-heater-boiler-economy-mode-household-enegry-saving-equipment-scaled.jpg"},{"@type":"BreadcrumbList","@id":"https:\/\/fontanerialafuente.com\/#breadcrumb","itemListElement":[{"@type":"ListItem","position":1,"name":"Portada","item":"https:\/\/fontanerialafuente.com\/"},{"@type":"ListItem","position":2,"name":"Inicio"}]},{"@type":"WebSite","@id":"https:\/\/fontanerialafuente.com\/#website","url":"https:\/\/fontanerialafuente.com\/","name":"La Fuente iturgintza","description":"Peque\u00f1a empresa familiar dirigida a ofrecer asesoramiento y producto de calidad en el suministro de material de fontaner\u00eda.","publisher":{"@id":"https:\/\/fontanerialafuente.com\/#organization"},"potentialAction":[{"@type":"SearchAction","target":{"@type":"EntryPoint","urlTemplate":"https:\/\/fontanerialafuente.com\/?s={search_term_string}"},"query-input":{"@type":"PropertyValueSpecification","valueRequired":true,"valueName":"search_term_string"}}],"inLanguage":"eu"},{"@type":"Organization","@id":"https:\/\/fontanerialafuente.com\/#organization","name":"La Fuente iturgintza","url":"https:\/\/fontanerialafuente.com\/","logo":{"@type":"ImageObject","inLanguage":"eu","@id":"https:\/\/fontanerialafuente.com\/#\/schema\/logo\/image\/","url":"https:\/\/fontanerialafuente.com\/wp-content\/uploads\/2025\/11\/cropped-Diseno-sin-titulo.png","contentUrl":"https:\/\/fontanerialafuente.com\/wp-content\/uploads\/2025\/11\/cropped-Diseno-sin-titulo.png","width":346,"height":176,"caption":"Fontaner\u00eda La Fuente"},"image":{"@id":"https:\/\/fontanerialafuente.com\/#\/schema\/logo\/image\/"}}]}},"_links":{"self":[{"href":"https:\/\/fontanerialafuente.com\/eu\/wp-json\/wp\/v2\/pages\/2","targetHints":{"allow":["GET"]}}],"collection":[{"href":"https:\/\/fontanerialafuente.com\/eu\/wp-json\/wp\/v2\/pages"}],"about":[{"href":"https:\/\/fontanerialafuente.com\/eu\/wp-json\/wp\/v2\/types\/page"}],"author":[{"embeddable":true,"href":"https:\/\/fontanerialafuente.com\/eu\/wp-json\/wp\/v2\/users\/1"}],"replies":[{"embeddable":true,"href":"https:\/\/fontanerialafuente.com\/eu\/wp-json\/wp\/v2\/comments?post=2"}],"version-history":[{"count":94,"href":"https:\/\/fontanerialafuente.com\/eu\/wp-json\/wp\/v2\/pages\/2\/revisions"}],"predecessor-version":[{"id":377,"href":"https:\/\/fontanerialafuente.com\/eu\/wp-json\/wp\/v2\/pages\/2\/revisions\/377"}],"wp:attachment":[{"href":"https:\/\/fontanerialafuente.com\/eu\/wp-json\/wp\/v2\/media?parent=2"}],"curies":[{"name":"wp","href":"https:\/\/api.w.org\/{rel}","templated":true}]}}